{"id":2347,"date":"2019-01-10T09:39:17","date_gmt":"2019-01-10T08:39:17","guid":{"rendered":"https:\/\/grip-film.hr\/about-us\/"},"modified":"2019-01-24T16:28:20","modified_gmt":"2019-01-24T15:28:20","slug":"about-us","status":"publish","type":"page","link":"https:\/\/grip-film.hr\/en\/about-us\/","title":{"rendered":"About Us"},"content":{"rendered":"<div class=\"wpb-content-wrapper\"><p>[vc_row full_width=&#8221;stretch_row&#8221; parallax=&#8221;content-moving&#8221; parallax_speed_bg=&#8221;2&#8243; css=&#8221;.vc_custom_1546970056107{margin-bottom: -6% !important;padding-top: 3% !important;padding-bottom: 8% !important;background-position: center;background-repeat: no-repeat !important;background-size: cover !important;}&#8221;][vc_column][vc_row_inner][vc_column_inner][vc_column_text]<\/p>\n<p style=\"font-size: 20px;\">For more than fifteen years, GripFilm successfully provides top services in the area of movie and video industry.<\/p>\n<p>[\/vc_column_text][\/vc_column_inner][\/vc_row_inner][vc_row_inner][vc_column_inner][vc_column_text]We are specialised in grip equipment, and we offer you the possibility of working with a rich assortment of high-quality supplies for film shooting. We partake in production of movies for big and small screens, dramas, video clips, commercials, TV-shows of different types and duration.<\/p>\n<p>Our employees are educated and highly qualified in their jobs. They are thoroughly dedicated to work and determined to accomplish the best results. Using our own means of transportation, we will deliver our grip equipment, inventories and tools for movie-making, to any shooting location of your choice.<\/p>\n<p>We have worked in domestic and foreign productions, developing our potentials and striving always to offer top-quality services. On our web-pages you can learn more about our previous projects and their wide diversity.<\/p>\n<p>If you need a reliable partner for producing shorter or longer movie and video materials, we are your best choice. Turn to us with full confidence. For all questions and further information, you can reach us any time.[\/vc_column_text][\/vc_column_inner][\/vc_row_inner][vc_row_inner][vc_column_inner][vc_custom_heading heading_style=&#8221;footer_style_1&#8243; text=&#8221;COMPANY INFO:&#8221; font_container=&#8221;tag:h5|text_align:left|color:%23ffffff&#8221; use_theme_fonts=&#8221;yes&#8221;][vc_column_text]<strong>Short name:<\/strong> GRIPFILM d.o.o.<\/p>\n<p><strong>Full name:<\/strong> GRIPFILM dru\u0161tvo s ograni\u010denom odgovorno\u0161\u0107u za proizvodnju, trgovinu i usluge<\/p>\n<p><strong>Sjedi\u0161te tvrtke:<\/strong> Perkov\u010deva 50, 10430 Samobor<\/p>\n<p><strong>Internet<\/strong>: www.grip-film.hr<\/p>\n<p><strong>E-mail<\/strong>: info@grip-film.hr<\/p>\n<p><strong>Facebook<\/strong>: GripFilm<\/p>\n<p><strong>Mati\u010dni<\/strong> <strong>broj<\/strong>: 01439561<\/p>\n<p><strong>\u017diro ra\u010dun<\/strong>: 2500009-1101266136, 2360000-1101268708<\/p>\n<p><strong>MBS<\/strong>: 080276137<\/p>\n<p><strong>OIB<\/strong>: 05471696900<\/p>\n<p><strong>Sudski<\/strong> <strong>registar<\/strong>: TRGOVA\u010cKI SUD U ZAGREBU<\/p>\n<p><strong>Temeljni<\/strong> <strong>kapital<\/strong>: =19.200,00 kn upla\u0107en u cijelosti<\/p>\n<p><strong>Odgovorna<\/strong> <strong>osoba\/e<\/strong>: JOSIP SILADI[\/vc_column_text][\/vc_column_inner][\/vc_row_inner][vc_single_image image=&#8221;2867&#8243; img_size=&#8221;200&#215;100&#8243;][\/vc_column][\/vc_row]<\/p>\n<\/div>","protected":false},"excerpt":{"rendered":"<p>[vc_row full_width=&#8221;stretch_row&#8221; parallax=&#8221;content-moving&#8221; parallax_speed_bg=&#8221;2&#8243; css=&#8221;.vc_custom_1546970056107{margin-bottom: -6% !important;padding-top: 3% !important;padding-bottom: 8% !important;background-position: center;background-repeat: no-repeat !important;background-size: cover !important;}&#8221;][vc_column][vc_row_inner][vc_column_inner][vc_column_text] For more than fifteen years, GripFilm successfully provides top services in the area of movie and video industry. [\/vc_column_text][\/vc_column_inner][\/vc_row_inner][vc_row_inner][vc_column_inner][vc_column_text]We are specialised in grip equipment, and we offer you the possibility of working with a rich assortment of high-quality supplies [&hellip;]<\/p>\n","protected":false},"author":1,"featured_media":0,"parent":0,"menu_order":0,"comment_status":"closed","ping_status":"closed","template":"","meta":{"footnotes":""},"_links":{"self":[{"href":"https:\/\/grip-film.hr\/en\/wp-json\/wp\/v2\/pages\/2347\/"}],"collection":[{"href":"https:\/\/grip-film.hr\/en\/wp-json\/wp\/v2\/pages\/"}],"about":[{"href":"https:\/\/grip-film.hr\/en\/wp-json\/wp\/v2\/types\/page\/"}],"author":[{"embeddable":true,"href":"https:\/\/grip-film.hr\/en\/wp-json\/wp\/v2\/users\/1\/"}],"replies":[{"embeddable":true,"href":"https:\/\/grip-film.hr\/en\/wp-json\/wp\/v2\/comments\/?post=2347"}],"version-history":[{"count":4,"href":"https:\/\/grip-film.hr\/en\/wp-json\/wp\/v2\/pages\/2347\/revisions\/"}],"predecessor-version":[{"id":2871,"href":"https:\/\/grip-film.hr\/en\/wp-json\/wp\/v2\/pages\/2347\/revisions\/2871\/"}],"wp:attachment":[{"href":"https:\/\/grip-film.hr\/en\/wp-json\/wp\/v2\/media\/?parent=2347"}],"curies":[{"name":"wp","href":"https:\/\/api.w.org\/{rel}","templated":true}]}}